{"id":8406,"date":"2025-10-17T08:24:59","date_gmt":"2025-10-17T06:24:59","guid":{"rendered":"https:\/\/www.digital-solutions.io\/?post_type=product&#038;p=8406"},"modified":"2025-10-17T08:25:07","modified_gmt":"2025-10-17T06:25:07","slug":"aftercod-essentials","status":"publish","type":"product","link":"https:\/\/www.digital-solutions.io\/en\/produit\/aftercod-essentials\/","title":{"rendered":"Aftercod Essentials"},"content":{"rendered":"<ul>\n<li>Audit de code et v\u00e9rification des d\u00e9pendances.<\/li>\n<li>Surveillance de disponibilit\u00e9 (uptime monitoring).<\/li>\n<li>Gestion de bugs mineurs (jusqu\u2019\u00e0 5 incidents\/mois).<\/li>\n<li>Mises \u00e0 jour de s\u00e9curit\u00e9 des packages (npm, pip, etc.).<\/li>\n<li>Support par ticket\/email sous 48h.<\/li>\n<\/ul>\n","protected":false},"excerpt":{"rendered":"<p>Donner une <strong>stabilit\u00e9 technique<\/strong> et \u00e9viter les interruptions.<\/p>\n<h3><span data-teams=\"true\">CHF 49 \/ mois \/ projet<br \/>\n<\/span><\/h3>\n","protected":false},"featured_media":6528,"template":"","meta":[],"product_brand":[],"product_cat":[27],"product_tag":[],"class_list":{"0":"post-8406","1":"product","2":"type-product","3":"status-publish","4":"has-post-thumbnail","6":"product_cat-non-classe","8":"first","9":"instock","10":"virtual","11":"purchasable","12":"product-type-simple"},"_links":{"self":[{"href":"https:\/\/www.digital-solutions.io\/en\/wp-json\/wp\/v2\/product\/8406","targetHints":{"allow":["GET"]}}],"collection":[{"href":"https:\/\/www.digital-solutions.io\/en\/wp-json\/wp\/v2\/product"}],"about":[{"href":"https:\/\/www.digital-solutions.io\/en\/wp-json\/wp\/v2\/types\/product"}],"wp:featuredmedia":[{"embeddable":true,"href":"https:\/\/www.digital-solutions.io\/en\/wp-json\/wp\/v2\/media\/6528"}],"wp:attachment":[{"href":"https:\/\/www.digital-solutions.io\/en\/wp-json\/wp\/v2\/media?parent=8406"}],"wp:term":[{"taxonomy":"product_brand","embeddable":true,"href":"https:\/\/www.digital-solutions.io\/en\/wp-json\/wp\/v2\/product_brand?post=8406"},{"taxonomy":"product_cat","embeddable":true,"href":"https:\/\/www.digital-solutions.io\/en\/wp-json\/wp\/v2\/product_cat?post=8406"},{"taxonomy":"product_tag","embeddable":true,"href":"https:\/\/www.digital-solutions.io\/en\/wp-json\/wp\/v2\/product_tag?post=8406"}],"curies":[{"name":"wp","href":"https:\/\/api.w.org\/{rel}","templated":true}]}}